{"id":1074,"date":"2017-12-14T18:23:10","date_gmt":"2017-12-14T17:23:10","guid":{"rendered":"http:\/\/energy-maroc.com\/prestation\/?page_id=1074"},"modified":"2018-01-08T12:13:56","modified_gmt":"2018-01-08T11:13:56","slug":"materiel-declairage","status":"publish","type":"page","link":"http:\/\/energy-maroc.com\/prestation\/materiel-declairage\/","title":{"rendered":"Mat\u00e9riel d&rsquo;\u00e9clairage"},"content":{"rendered":"<h1>Energy, sp\u00e9cialiste de la location lumiere et sono pour vos spectacles<\/h1>\n<p>Energy vous propose tout le mat\u00e9riel d&rsquo;\u00e9clairage pour mettre en valeur votre \u00e9v\u00e9nement, quel qu&rsquo;il soit. De la console d&rsquo;\u00e9clairage pilotant tout le syst\u00e8me aux projecteurs LED, en passant par les lyres automatiques, notre \u00e9quipe vous offre une installation sur-mesure. Nous proposons aussi \u00e0 la location du mat\u00e9riel de sonorisation, ainsi que des vid\u00e9oprojecteurs et des \u00e9crans de diverses tailles.<\/p>\n<p>&nbsp;<\/p>\n<h2>Jeux de lumi\u00e8re ou projection : \u00e0 chaque \u00e9v\u00e9nement son mat\u00e9riel<\/h2>\n<p>Selon que vous organisez un s\u00e9minaire, une pi\u00e8ce de th\u00e9\u00e2tre ou un concert, vous n&rsquo;aurez pas besoin de la m\u00eame installation. C&rsquo;est pourquoi Energy non seulement vous propose la location d&rsquo;\u00e9clairage, mais met aussi \u00e0 votre disposition des techniciens comp\u00e9tents pour g\u00e9rer le choix et la mise en place de votre lumi\u00e8re. Nous pouvons diffuser un \u00e9clairage centr\u00e9, en lumi\u00e8re blanche ou en couleurs, ou envoyer la projection de votre choix sur \u00e9cran g\u00e9ant. En fonction de l&rsquo;\u00e9v\u00e9nement ou du spectacle \u00e0 organiser, vous pouvez opter pour un pack sono et lumi\u00e8re, ajouter du mat\u00e9riel tel que vid\u00e9oprojecteur avec \u00e9cran, etc. Depuis la console de mixage et d&rsquo;\u00e9clairage, nos techniciens piloteront toute l&rsquo;installation selon vos directives.<img loading=\"lazy\" decoding=\"async\" class=\"wp-image-1083  aligncenter\" src=\"http:\/\/energy-maroc.com\/prestation\/wp-content\/uploads\/sites\/2\/2017\/12\/10177936_487394688062168_5026197988556143277_n.jpg\" alt=\"\" width=\"928\" height=\"618\" srcset=\"http:\/\/energy-maroc.com\/prestation\/wp-content\/uploads\/sites\/2\/2017\/12\/10177936_487394688062168_5026197988556143277_n.jpg 640w, http:\/\/energy-maroc.com\/prestation\/wp-content\/uploads\/sites\/2\/2017\/12\/10177936_487394688062168_5026197988556143277_n-300x200.jpg 300w, http:\/\/energy-maroc.com\/prestation\/wp-content\/uploads\/sites\/2\/2017\/12\/10177936_487394688062168_5026197988556143277_n-400x266.jpg 400w\" sizes=\"auto, (max-width: 928px) 100vw, 928px\" \/><\/p>\n<h2>D\u00e9couvrez tout notre gamme de mat\u00e9riel d&rsquo;\u00e9clairage<\/h2>\n<p>Afin de pouvoir adapter nos prestations de location lumiere \u00e0 vos exigences, nous avons s\u00e9lectionn\u00e9 les meilleurs fabricants : Clay Paky, Robert Juliat, City Color&#8230; La diversit\u00e9 des projecteurs et des syst\u00e8mes disponibles vous permet aussi bien d&rsquo;\u00e9clairer un conf\u00e9rencier que de cr\u00e9er des jeux ou des effets de lumi\u00e8re sur un b\u00e2timent ou une sc\u00e8ne de concert. Nous vous proposons des packs en lumi\u00e8re traditionnelle ou LED, ainsi que plusieurs mod\u00e8les de consoles d&rsquo;\u00e9clairage. Une \u00e9quipe de professionnels est \u00e0 votre disposition pour vous aider dans votre choix, et pour assurer le montage, le pilotage et le d\u00e9montage des installations. Energy est aussi sp\u00e9cialiste de la sonorisation de concert, et vous offre des solutions sous forme de pack quelle que soit la structure et la taille de votre sc\u00e8ne. Venez d\u00e9couvrir toute la gamme de nos prestations et contactez-nous pour tous vos besoins en location lumi\u00e8re.<\/p>\n","protected":false},"excerpt":{"rendered":"<p>Energy, sp\u00e9cialiste de la location lumiere et sono pour vos spectacles Energy vous propose tout le mat\u00e9riel d&rsquo;\u00e9clairage pour mettre en valeur votre \u00e9v\u00e9nement, quel qu&rsquo;il soit. De la console d&rsquo;\u00e9clairage pilotant tout le syst\u00e8me aux projecteurs LED, en passant par les lyres automatiques, notre \u00e9quipe vous offre une installation sur-mesure. Nous proposons aussi \u00e0 [&hellip;]<\/p>\n","protected":false},"author":1,"featured_media":0,"parent":0,"menu_order":0,"comment_status":"closed","ping_status":"closed","template":"","meta":{"_acf_changed":false,"footnotes":""},"class_list":["post-1074","page","type-page","status-publish","hentry"],"acf":[],"_links":{"self":[{"href":"http:\/\/energy-maroc.com\/prestation\/wp-json\/wp\/v2\/pages\/1074","targetHints":{"allow":["GET"]}}],"collection":[{"href":"http:\/\/energy-maroc.com\/prestation\/wp-json\/wp\/v2\/pages"}],"about":[{"href":"http:\/\/energy-maroc.com\/prestation\/wp-json\/wp\/v2\/types\/page"}],"author":[{"embeddable":true,"href":"http:\/\/energy-maroc.com\/prestation\/wp-json\/wp\/v2\/users\/1"}],"replies":[{"embeddable":true,"href":"http:\/\/energy-maroc.com\/prestation\/wp-json\/wp\/v2\/comments?post=1074"}],"version-history":[{"count":8,"href":"http:\/\/energy-maroc.com\/prestation\/wp-json\/wp\/v2\/pages\/1074\/revisions"}],"predecessor-version":[{"id":1109,"href":"http:\/\/energy-maroc.com\/prestation\/wp-json\/wp\/v2\/pages\/1074\/revisions\/1109"}],"wp:attachment":[{"href":"http:\/\/energy-maroc.com\/prestation\/wp-json\/wp\/v2\/media?parent=1074"}],"curies":[{"name":"wp","href":"https:\/\/api.w.org\/{rel}","templated":true}]}}